{"id":1221,"date":"2023-12-05T22:33:13","date_gmt":"2023-12-05T22:33:13","guid":{"rendered":"https:\/\/the-challenge.ch\/protection-des-donnees\/"},"modified":"2024-07-18T17:16:52","modified_gmt":"2024-07-18T17:16:52","slug":"protection-des-donnees","status":"publish","type":"page","link":"https:\/\/the-challenge.ch\/fr\/protection-des-donnees\/","title":{"rendered":"Protection des donn\u00e9es"},"content":{"rendered":"\n<p>D\u00e9claration de confidentialit\u00e9 du site web www.track-cycling-challenge.ch<\/p>\n\n<p>Nous prot\u00e9geons votre vie priv\u00e9e et vos donn\u00e9es priv\u00e9es. Nous collectons, traitons et utilisons vos donn\u00e9es personnelles conform\u00e9ment au contenu des pr\u00e9sentes dispositions sur la protection des donn\u00e9es ainsi qu&rsquo;aux prescriptions applicables en mati\u00e8re de protection des donn\u00e9es, en particulier la loi suisse sur la protection des donn\u00e9es (LPD). Les pr\u00e9sentes dispositions relatives \u00e0 la protection des donn\u00e9es r\u00e9gissent les donn\u00e9es personnelles que nous collectons, traitons et utilisons pour mettre \u00e0 disposition un site Internet fonctionnel ainsi que nos contenus et prestations vous concernant. Nous vous prions donc de lire attentivement ce qui suit.<\/p>\n\n<ol class=\"wp-block-list\">\n<li>Responsable<\/li>\n<\/ol>\n\n<p>La soci\u00e9t\u00e9 FOSS-Group GmbH, en tant qu&rsquo;exploitant du site <a href=\"https:\/\/the-challenge.ch\/fr\/\">www.track-cycling-challenge.ch<\/a>, est responsable des donn\u00e9es personnelles des utilisateurs du site au sens de la LPD.<\/p>\n\n<p>2. description et port\u00e9e du traitement des donn\u00e9es<\/p>\n\n<p>2.1 Les donn\u00e9es personnelles au sens des pr\u00e9sentes dispositions relatives \u00e0 la protection des donn\u00e9es sont toutes les informations qui se rapportent \u00e0 une personne physique identifi\u00e9e ou identifiable (ci-apr\u00e8s d\u00e9nomm\u00e9e \u00ab\u00a0personne concern\u00e9e\u00a0\u00bb). Il s&rsquo;agit notamment de votre nom, de votre entreprise, de votre adresse \u00e9lectronique, de votre adresse et de votre num\u00e9ro de t\u00e9l\u00e9phone.<\/p>\n\n<p>2.2 Les donn\u00e9es personnelles comprennent \u00e9galement des informations sur votre utilisation de notre site web. Dans ce contexte, nous collectons vos donn\u00e9es personnelles de la mani\u00e8re suivante : des informations sur vos visites sur notre site web, telles que votre adresse e-mail, votre num\u00e9ro de t\u00e9l\u00e9phone et votre adresse postale l&rsquo;\u00e9tendue du transfert de donn\u00e9es, l&rsquo;endroit \u00e0 partir duquel vous acc\u00e9dez aux donn\u00e9es de notre site web, ainsi que les autres donn\u00e9es de connexion et les sources que vous consultez. Cela se fait g\u00e9n\u00e9ralement par l&rsquo;utilisation de fichiers journaux et de cookies. Vous trouverez plus d&rsquo;informations sur les fichiers journaux et les cookies ci-dessous.<\/p>\n\n<p>2.3 Les informations contenues sur ce site Internet sont fournies uniquement \u00e0 titre informatif. La consultation du site Internet ou l&rsquo;envoi d&rsquo;une demande de contact ne donne pas lieu \u00e0 une relation de commande. En utilisant la demande de contact, vous fournissez des donn\u00e9es personnelles ainsi que votre adresse e-mail. Tant qu&rsquo;il n&rsquo;existe pas de relation contractuelle, ces donn\u00e9es ne sont utilis\u00e9es qu&rsquo;\u00e0 des fins de communication ou pour r\u00e9pondre \u00e0 votre demande. Si elles ne sont pas exig\u00e9es \u00e0 une date ant\u00e9rieure, ces donn\u00e9es sont conserv\u00e9es sur la base de l&rsquo;obligation l\u00e9gale de conservation.<\/p>\n\n<p>3. l&rsquo;utilisation pr\u00e9vue<\/p>\n\n<p>Nous utilisons vos donn\u00e9es personnelles aux fins suivantes :<\/p>\n\n<p>3.1 A des fins de communication et pour r\u00e9pondre \u00e0 votre demande.<\/p>\n\n<p>3.2 Pour fournir les services que vous avez demand\u00e9s &#8211; notamment la prise de contact g\u00e9n\u00e9rale via le formulaire de contact, les demandes de commandes ainsi que la gestion du panier d&rsquo;achat, l&rsquo;inscription \u00e0 la newsletter ou \u00e0 d&rsquo;autres publications, etc. &#8211; pour fournir des services ;<\/p>\n\n<p>3.3 pour remplir nos obligations d\u00e9coulant d&rsquo;\u00e9ventuels contrats conclus entre vous et nous ;<\/p>\n\n<p>3.3 Pour nous assurer que notre site Web est pr\u00e9sent\u00e9 de la mani\u00e8re la plus efficace et int\u00e9ressante possible pour vous ;<\/p>\n\n<p>3.4 Pour vous informer des modifications apport\u00e9es \u00e0 nos services.<\/p>\n\n<p>4. principes du traitement des donn\u00e9es<\/p>\n\n<p>Lors du traitement des donn\u00e9es, nous tenons compte des principes de traitement de la l\u00e9galit\u00e9, de la proportionnalit\u00e9, de la finalit\u00e9, de la transparence &#8211; en particulier le respect des obligations d&rsquo;information &#8211; et de la s\u00e9curit\u00e9 des donn\u00e9es.<\/p>\n\n<p>5. informations sur votre ordinateur, cookies<\/p>\n\n<p>5.1 Chaque fois que vous acc\u00e9dez \u00e0 notre site, nous collectons les informations suivantes sur votre ordinateur : l&rsquo;adresse IP de votre ordinateur, la requ\u00eate de votre navigateur et l&rsquo;heure de cette requ\u00eate. En outre, le statut et la quantit\u00e9 de donn\u00e9es transmises sont saisis dans le cadre de cette demande. L&rsquo;adresse IP de votre ordinateur n&rsquo;est enregistr\u00e9e que pour la dur\u00e9e de votre utilisation du site web et est ensuite imm\u00e9diatement effac\u00e9e ou rendue anonyme par raccourcissement. Nous utilisons ces donn\u00e9es pour le fonctionnement de notre site web, notamment pour d\u00e9tecter et corriger les erreurs du site, pour d\u00e9terminer le taux d&rsquo;utilisation du site et pour proc\u00e9der \u00e0 des adaptations ou des am\u00e9liorations.<\/p>\n\n<p>5.2 Les cookies contribuent sous de nombreux aspects \u00e0 rendre votre visite sur notre site web plus simple, plus agr\u00e9able et plus judicieuse. Les cookies sont des fichiers d&rsquo;information que votre navigateur web enregistre automatiquement sur le disque dur de votre ordinateur lorsque vous visitez notre site web.<\/p>\n\n<p>Nous utilisons par exemple des cookies pour enregistrer temporairement les prestations que vous avez choisies et les donn\u00e9es que vous avez saisies lorsque vous remplissez un formulaire sur le site web, afin que vous ne deviez pas r\u00e9p\u00e9ter la saisie lorsque vous consultez une autre sous-page.<\/p>\n\n<p>Si vous ne souhaitez pas l&rsquo;utilisation de cookies de navigation, vous pouvez configurer votre navigateur de mani\u00e8re \u00e0 ce qu&rsquo;il n&rsquo;accepte pas l&rsquo;enregistrement de cookies. Veuillez noter que dans ce cas, vous ne pourrez utiliser notre site web que de mani\u00e8re limit\u00e9e, voire pas du tout. Si vous ne souhaitez accepter que nos propres cookies et non ceux de nos prestataires de services et partenaires, vous pouvez s\u00e9lectionner le param\u00e8tre \u00ab\u00a0Bloquer les cookies tiers\u00a0\u00bb dans votre navigateur.<\/p>\n\n<p>6. s\u00e9curit\u00e9 des donn\u00e9es<\/p>\n\n<p>Malheureusement, la transmission d&rsquo;informations par Internet n&rsquo;est pas enti\u00e8rement s\u00e9curis\u00e9e, c&rsquo;est pourquoi nous ne pouvons pas garantir la s\u00e9curit\u00e9 des donn\u00e9es transmises \u00e0 notre site via Internet. Nous prot\u00e9geons toutefois notre site web et nos autres syst\u00e8mes par des mesures techniques et organisationnelles contre la perte, la destruction, l&rsquo;acc\u00e8s, la modification ou la diffusion de vos donn\u00e9es par des personnes non autoris\u00e9es.<\/p>\n\n<p>7. pas de transmission de vos donn\u00e9es personnelles<\/p>\n\n<p>Nous ne transmettons pas vos donn\u00e9es personnelles \u00e0 des tiers, \u00e0 moins que vous n&rsquo;ayez donn\u00e9 votre consentement \u00e0 la transmission des donn\u00e9es ou que nous soyons autoris\u00e9s ou oblig\u00e9s de transmettre des donn\u00e9es en vertu de dispositions l\u00e9gales et\/ou d&rsquo;ordonnances administratives ou judiciaires. Il peut s&rsquo;agir notamment de la communication d&rsquo;informations \u00e0 des fins de poursuites p\u00e9nales, de pr\u00e9vention de menaces ou d&rsquo;application des droits de propri\u00e9t\u00e9 intellectuelle.<\/p>\n\n<p>8. modifications de la pr\u00e9sente politique de confidentialit\u00e9<\/p>\n\n<p>Nous nous r\u00e9servons le droit de modifier \u00e0 tout moment la pr\u00e9sente politique de confidentialit\u00e9 avec effet pour l&rsquo;avenir. Une version actualis\u00e9e est disponible sur le site web. Nous vous invitons \u00e0 consulter r\u00e9guli\u00e8rement le site et \u00e0 vous informer sur la politique de confidentialit\u00e9 en vigueur.<\/p>\n\n<p>9. vos droits<\/p>\n\n<p>Vous avez le droit de demander des informations sur vos donn\u00e9es personnelles que nous traitons. Vous pouvez notamment demander des informations sur les donn\u00e9es personnelles en tant que telles, la finalit\u00e9 du traitement, la dur\u00e9e de conservation ou, si cela n&rsquo;est pas possible, les crit\u00e8res de d\u00e9termination de cette dur\u00e9e, l&rsquo;origine de vos donn\u00e9es si elles n&rsquo;ont pas \u00e9t\u00e9 collect\u00e9es aupr\u00e8s de vous, l&rsquo;existence \u00e9ventuelle d&rsquo;une d\u00e9cision individuelle automatis\u00e9e et, le cas \u00e9ch\u00e9ant, les destinataires ou les cat\u00e9gories de destinataires auxquels les donn\u00e9es personnelles sont communiqu\u00e9es.<\/p>\n\n<p>Vous avez \u00e9galement le droit de r\u00e9voquer \u00e0 tout moment le consentement que vous avez \u00e9ventuellement donn\u00e9 pour l&rsquo;utilisation de vos donn\u00e9es personnelles.<\/p>\n\n<p>Vous pouvez faire valoir vos droits susmentionn\u00e9s \u00e0 tout moment aupr\u00e8s de FOSS-Group GmbH, Riedstrasse 29, 2544 Bettlach.<\/p>\n\n<p>Mise \u00e0 jour : ao\u00fbt 2023<\/p>\n","protected":false},"excerpt":{"rendered":"<p>D\u00e9claration de confidentialit\u00e9 du site web www.track-cycling-challenge.ch Nous prot\u00e9geons votre vie priv\u00e9e et vos donn\u00e9es priv\u00e9es. Nous collectons, traitons et utilisons vos donn\u00e9es personnelles conform\u00e9ment au contenu des pr\u00e9sentes dispositions sur la protection des donn\u00e9es ainsi qu&rsquo;aux prescriptions applicables en mati\u00e8re de protection des donn\u00e9es, en particulier la loi suisse sur la protection des donn\u00e9es&hellip;&nbsp;<a href=\"https:\/\/the-challenge.ch\/fr\/protection-des-donnees\/\" rel=\"bookmark\">Read More &raquo;<span class=\"screen-reader-text\">Protection des donn\u00e9es<\/span><\/a><\/p>\n","protected":false},"author":2,"featured_media":0,"parent":0,"menu_order":0,"comment_status":"closed","ping_status":"closed","template":"","meta":{"neve_meta_sidebar":"","neve_meta_container":"","neve_meta_enable_content_width":"","neve_meta_content_width":0,"neve_meta_title_alignment":"","neve_meta_author_avatar":"","neve_post_elements_order":"","neve_meta_disable_header":"","neve_meta_disable_footer":"","neve_meta_disable_title":"","neve_meta_reading_time":"","_themeisle_gutenberg_block_has_review":false,"footnotes":""},"class_list":["post-1221","page","type-page","status-publish","hentry"],"yoast_head":"<!-- This site is optimized with the Yoast SEO plugin v27.4 - https:\/\/yoast.com\/product\/yoast-seo-wordpress\/ -->\n<title>Protection des donn\u00e9es - The Challenge<\/title>\n<meta name=\"robots\" content=\"index, follow, max-snippet:-1, max-image-preview:large, max-video-preview:-1\" \/>\n<link rel=\"canonical\" href=\"https:\/\/the-challenge.ch\/fr\/protection-des-donnees\/\" \/>\n<meta property=\"og:locale\" content=\"fr_FR\" \/>\n<meta property=\"og:type\" content=\"article\" \/>\n<meta property=\"og:title\" content=\"Protection des donn\u00e9es - The Challenge\" \/>\n<meta property=\"og:description\" content=\"D\u00e9claration de confidentialit\u00e9 du site web www.track-cycling-challenge.ch Nous prot\u00e9geons votre vie priv\u00e9e et vos donn\u00e9es priv\u00e9es. Nous collectons, traitons et utilisons vos donn\u00e9es personnelles conform\u00e9ment au contenu des pr\u00e9sentes dispositions sur la protection des donn\u00e9es ainsi qu&rsquo;aux prescriptions applicables en mati\u00e8re de protection des donn\u00e9es, en particulier la loi suisse sur la protection des donn\u00e9es&hellip;&nbsp;Read More &raquo;Protection des donn\u00e9es\" \/>\n<meta property=\"og:url\" content=\"https:\/\/the-challenge.ch\/fr\/protection-des-donnees\/\" \/>\n<meta property=\"og:site_name\" content=\"The Challenge\" \/>\n<meta property=\"article:publisher\" content=\"https:\/\/www.facebook.com\/beat.stebler.5\" \/>\n<meta property=\"article:modified_time\" content=\"2024-07-18T17:16:52+00:00\" \/>\n<meta name=\"twitter:card\" content=\"summary_large_image\" \/>\n<meta name=\"twitter:label1\" content=\"Dur\u00e9e de lecture estim\u00e9e\" \/>\n\t<meta name=\"twitter:data1\" content=\"6 minutes\" \/>\n<script type=\"application\/ld+json\" class=\"yoast-schema-graph\">{\"@context\":\"https:\\\/\\\/schema.org\",\"@graph\":[{\"@type\":\"WebPage\",\"@id\":\"https:\\\/\\\/the-challenge.ch\\\/fr\\\/protection-des-donnees\\\/\",\"url\":\"https:\\\/\\\/the-challenge.ch\\\/fr\\\/protection-des-donnees\\\/\",\"name\":\"Protection des donn\u00e9es - The Challenge\",\"isPartOf\":{\"@id\":\"https:\\\/\\\/the-challenge.ch\\\/fr\\\/#website\"},\"datePublished\":\"2023-12-05T22:33:13+00:00\",\"dateModified\":\"2024-07-18T17:16:52+00:00\",\"breadcrumb\":{\"@id\":\"https:\\\/\\\/the-challenge.ch\\\/fr\\\/protection-des-donnees\\\/#breadcrumb\"},\"inLanguage\":\"fr-FR\",\"potentialAction\":[{\"@type\":\"ReadAction\",\"target\":[\"https:\\\/\\\/the-challenge.ch\\\/fr\\\/protection-des-donnees\\\/\"]}]},{\"@type\":\"BreadcrumbList\",\"@id\":\"https:\\\/\\\/the-challenge.ch\\\/fr\\\/protection-des-donnees\\\/#breadcrumb\",\"itemListElement\":[{\"@type\":\"ListItem\",\"position\":1,\"name\":\"Startseite\",\"item\":\"https:\\\/\\\/the-challenge.ch\\\/fr\\\/\"},{\"@type\":\"ListItem\",\"position\":2,\"name\":\"Protection des donn\u00e9es\"}]},{\"@type\":\"WebSite\",\"@id\":\"https:\\\/\\\/the-challenge.ch\\\/fr\\\/#website\",\"url\":\"https:\\\/\\\/the-challenge.ch\\\/fr\\\/\",\"name\":\"Track Cycling Challenge\",\"description\":\"Leistungssport im dritten Lebensabschnitt\",\"publisher\":{\"@id\":\"https:\\\/\\\/the-challenge.ch\\\/fr\\\/#organization\"},\"potentialAction\":[{\"@type\":\"SearchAction\",\"target\":{\"@type\":\"EntryPoint\",\"urlTemplate\":\"https:\\\/\\\/the-challenge.ch\\\/fr\\\/?s={search_term_string}\"},\"query-input\":{\"@type\":\"PropertyValueSpecification\",\"valueRequired\":true,\"valueName\":\"search_term_string\"}}],\"inLanguage\":\"fr-FR\"},{\"@type\":\"Organization\",\"@id\":\"https:\\\/\\\/the-challenge.ch\\\/fr\\\/#organization\",\"name\":\"Track Cycling Challenge\",\"url\":\"https:\\\/\\\/the-challenge.ch\\\/fr\\\/\",\"logo\":{\"@type\":\"ImageObject\",\"inLanguage\":\"fr-FR\",\"@id\":\"https:\\\/\\\/the-challenge.ch\\\/fr\\\/#\\\/schema\\\/logo\\\/image\\\/\",\"url\":\"https:\\\/\\\/the-challenge.ch\\\/wp-content\\\/uploads\\\/2023\\\/12\\\/TCC_1920.png\",\"contentUrl\":\"https:\\\/\\\/the-challenge.ch\\\/wp-content\\\/uploads\\\/2023\\\/12\\\/TCC_1920.png\",\"width\":1920,\"height\":1567,\"caption\":\"Track Cycling Challenge\"},\"image\":{\"@id\":\"https:\\\/\\\/the-challenge.ch\\\/fr\\\/#\\\/schema\\\/logo\\\/image\\\/\"},\"sameAs\":[\"https:\\\/\\\/www.facebook.com\\\/beat.stebler.5\",\"https:\\\/\\\/www.instagram.com\\\/beat.stebler\\\/\"]}]}<\/script>\n<!-- \/ Yoast SEO plugin. -->","yoast_head_json":{"title":"Protection des donn\u00e9es - The Challenge","robots":{"index":"index","follow":"follow","max-snippet":"max-snippet:-1","max-image-preview":"max-image-preview:large","max-video-preview":"max-video-preview:-1"},"canonical":"https:\/\/the-challenge.ch\/fr\/protection-des-donnees\/","og_locale":"fr_FR","og_type":"article","og_title":"Protection des donn\u00e9es - The Challenge","og_description":"D\u00e9claration de confidentialit\u00e9 du site web www.track-cycling-challenge.ch Nous prot\u00e9geons votre vie priv\u00e9e et vos donn\u00e9es priv\u00e9es. Nous collectons, traitons et utilisons vos donn\u00e9es personnelles conform\u00e9ment au contenu des pr\u00e9sentes dispositions sur la protection des donn\u00e9es ainsi qu&rsquo;aux prescriptions applicables en mati\u00e8re de protection des donn\u00e9es, en particulier la loi suisse sur la protection des donn\u00e9es&hellip;&nbsp;Read More &raquo;Protection des donn\u00e9es","og_url":"https:\/\/the-challenge.ch\/fr\/protection-des-donnees\/","og_site_name":"The Challenge","article_publisher":"https:\/\/www.facebook.com\/beat.stebler.5","article_modified_time":"2024-07-18T17:16:52+00:00","twitter_card":"summary_large_image","twitter_misc":{"Dur\u00e9e de lecture estim\u00e9e":"6 minutes"},"schema":{"@context":"https:\/\/schema.org","@graph":[{"@type":"WebPage","@id":"https:\/\/the-challenge.ch\/fr\/protection-des-donnees\/","url":"https:\/\/the-challenge.ch\/fr\/protection-des-donnees\/","name":"Protection des donn\u00e9es - The Challenge","isPartOf":{"@id":"https:\/\/the-challenge.ch\/fr\/#website"},"datePublished":"2023-12-05T22:33:13+00:00","dateModified":"2024-07-18T17:16:52+00:00","breadcrumb":{"@id":"https:\/\/the-challenge.ch\/fr\/protection-des-donnees\/#breadcrumb"},"inLanguage":"fr-FR","potentialAction":[{"@type":"ReadAction","target":["https:\/\/the-challenge.ch\/fr\/protection-des-donnees\/"]}]},{"@type":"BreadcrumbList","@id":"https:\/\/the-challenge.ch\/fr\/protection-des-donnees\/#breadcrumb","itemListElement":[{"@type":"ListItem","position":1,"name":"Startseite","item":"https:\/\/the-challenge.ch\/fr\/"},{"@type":"ListItem","position":2,"name":"Protection des donn\u00e9es"}]},{"@type":"WebSite","@id":"https:\/\/the-challenge.ch\/fr\/#website","url":"https:\/\/the-challenge.ch\/fr\/","name":"Track Cycling Challenge","description":"Leistungssport im dritten Lebensabschnitt","publisher":{"@id":"https:\/\/the-challenge.ch\/fr\/#organization"},"potentialAction":[{"@type":"SearchAction","target":{"@type":"EntryPoint","urlTemplate":"https:\/\/the-challenge.ch\/fr\/?s={search_term_string}"},"query-input":{"@type":"PropertyValueSpecification","valueRequired":true,"valueName":"search_term_string"}}],"inLanguage":"fr-FR"},{"@type":"Organization","@id":"https:\/\/the-challenge.ch\/fr\/#organization","name":"Track Cycling Challenge","url":"https:\/\/the-challenge.ch\/fr\/","logo":{"@type":"ImageObject","inLanguage":"fr-FR","@id":"https:\/\/the-challenge.ch\/fr\/#\/schema\/logo\/image\/","url":"https:\/\/the-challenge.ch\/wp-content\/uploads\/2023\/12\/TCC_1920.png","contentUrl":"https:\/\/the-challenge.ch\/wp-content\/uploads\/2023\/12\/TCC_1920.png","width":1920,"height":1567,"caption":"Track Cycling Challenge"},"image":{"@id":"https:\/\/the-challenge.ch\/fr\/#\/schema\/logo\/image\/"},"sameAs":["https:\/\/www.facebook.com\/beat.stebler.5","https:\/\/www.instagram.com\/beat.stebler\/"]}]}},"_links":{"self":[{"href":"https:\/\/the-challenge.ch\/fr\/wp-json\/wp\/v2\/pages\/1221","targetHints":{"allow":["GET"]}}],"collection":[{"href":"https:\/\/the-challenge.ch\/fr\/wp-json\/wp\/v2\/pages"}],"about":[{"href":"https:\/\/the-challenge.ch\/fr\/wp-json\/wp\/v2\/types\/page"}],"author":[{"embeddable":true,"href":"https:\/\/the-challenge.ch\/fr\/wp-json\/wp\/v2\/users\/2"}],"replies":[{"embeddable":true,"href":"https:\/\/the-challenge.ch\/fr\/wp-json\/wp\/v2\/comments?post=1221"}],"version-history":[{"count":1,"href":"https:\/\/the-challenge.ch\/fr\/wp-json\/wp\/v2\/pages\/1221\/revisions"}],"predecessor-version":[{"id":1519,"href":"https:\/\/the-challenge.ch\/fr\/wp-json\/wp\/v2\/pages\/1221\/revisions\/1519"}],"wp:attachment":[{"href":"https:\/\/the-challenge.ch\/fr\/wp-json\/wp\/v2\/media?parent=1221"}],"curies":[{"name":"wp","href":"https:\/\/api.w.org\/{rel}","templated":true}]}}