{"id":1210,"date":"2020-01-27T08:29:32","date_gmt":"2020-01-27T08:29:32","guid":{"rendered":"https:\/\/the-challenge.ch\/contact\/"},"modified":"2024-07-18T17:16:26","modified_gmt":"2024-07-18T17:16:26","slug":"contact","status":"publish","type":"page","link":"https:\/\/the-challenge.ch\/fr\/contact\/","title":{"rendered":"Contact"},"content":{"rendered":"\n<div class=\"wp-block-cover alignfull is-light\" style=\"min-height:700px;aspect-ratio:unset;\"><span aria-hidden=\"true\" class=\"wp-block-cover__background has-background-dim-0 has-background-dim\"><\/span><img loading=\"lazy\" decoding=\"async\" width=\"1920\" height=\"1076\" class=\"wp-block-cover__image-background wp-image-477\" alt=\"\" src=\"https:\/\/the-challenge.ch\/wp-content\/uploads\/2023\/12\/Kontakt.jpg\" data-object-fit=\"cover\" srcset=\"https:\/\/the-challenge.ch\/wp-content\/uploads\/2023\/12\/Kontakt.jpg 1920w, https:\/\/the-challenge.ch\/wp-content\/uploads\/2023\/12\/Kontakt-300x168.jpg 300w, https:\/\/the-challenge.ch\/wp-content\/uploads\/2023\/12\/Kontakt-1024x574.jpg 1024w, https:\/\/the-challenge.ch\/wp-content\/uploads\/2023\/12\/Kontakt-768x430.jpg 768w, https:\/\/the-challenge.ch\/wp-content\/uploads\/2023\/12\/Kontakt-1536x861.jpg 1536w\" sizes=\"auto, (max-width: 1920px) 100vw, 1920px\" \/><div class=\"wp-block-cover__inner-container is-layout-flow wp-block-cover-is-layout-flow\">\n<p><\/p>\n<\/div><\/div>\n\n<div class=\"wp-block-cover alignfull is-light\" style=\"min-height:182px;aspect-ratio:unset;\"><span aria-hidden=\"true\" class=\"wp-block-cover__background has-neve-link-color-background-color has-background-dim-30 has-background-dim\"><\/span><div class=\"wp-block-cover__inner-container is-layout-flow wp-block-cover-is-layout-flow\">\n<div class=\"wp-block-group\"><div class=\"wp-block-group__inner-container is-layout-flow wp-block-group-is-layout-flow\">\n<h1 class=\"wp-block-heading has-text-align-left has-neve-text-color-color has-text-color\">Contact<\/h1>\n<\/div><\/div>\n<\/div><\/div>\n\n<div class=\"wp-block-cover alignfull\" style=\"min-height:420px;aspect-ratio:unset;\"><span aria-hidden=\"true\" class=\"wp-block-cover__background has-nv-light-bg-background-color has-background-dim-100 has-background-dim\"><\/span><div class=\"wp-block-cover__inner-container is-layout-flow wp-block-cover-is-layout-flow\">\n<div style=\"height:80px\" aria-hidden=\"true\" class=\"wp-block-spacer\"><\/div>\n\n\n\n<div class=\"wp-block-columns is-layout-flex wp-container-core-columns-is-layout-9d6595d7 wp-block-columns-is-layout-flex\">\n<div class=\"wp-block-column ticss-4ce656f1 is-layout-flow wp-block-column-is-layout-flow\">\n<div class=\"wp-block-group has-nv-site-bg-background-color has-background\"><div class=\"wp-block-group__inner-container is-layout-flow wp-block-group-is-layout-flow\">\n<div style=\"height:24px\" aria-hidden=\"true\" class=\"wp-block-spacer\"><\/div>\n\n\n<div class=\"wp-block-image icon-style is-style-default\">\n<figure class=\"aligncenter size-full is-resized\"><img loading=\"lazy\" decoding=\"async\" width=\"782\" height=\"782\" src=\"https:\/\/the-challenge.ch\/wp-content\/uploads\/2023\/12\/telefon.png\" alt=\"\" class=\"wp-image-582\" style=\"width:65px;height:auto\" srcset=\"https:\/\/the-challenge.ch\/wp-content\/uploads\/2023\/12\/telefon.png 782w, https:\/\/the-challenge.ch\/wp-content\/uploads\/2023\/12\/telefon-300x300.png 300w, https:\/\/the-challenge.ch\/wp-content\/uploads\/2023\/12\/telefon-150x150.png 150w, https:\/\/the-challenge.ch\/wp-content\/uploads\/2023\/12\/telefon-768x768.png 768w\" sizes=\"auto, (max-width: 782px) 100vw, 782px\" \/><\/figure><\/div>\n\n\n<div style=\"height:24px\" aria-hidden=\"true\" class=\"wp-block-spacer\"><\/div>\n\n\n\n<h3 class=\"wp-block-heading has-text-align-center has-neve-text-color-color has-text-color\">T\u00e9l\u00e9phone<\/h3>\n\n\n\n<p class=\"has-text-align-center has-neve-text-color-color has-text-color\" style=\"font-size:15px\"><a href=\"tel:+41325303032\">+41 32 530 30 32<\/a><\/p>\n\n\n\n<div style=\"height:24px\" aria-hidden=\"true\" class=\"wp-block-spacer\"><\/div>\n<\/div><\/div>\n<\/div>\n\n\n\n<div class=\"wp-block-column ticss-f6fc7494 is-layout-flow wp-block-column-is-layout-flow\">\n<div class=\"wp-block-group has-nv-site-bg-background-color has-background\"><div class=\"wp-block-group__inner-container is-layout-flow wp-block-group-is-layout-flow\">\n<div style=\"height:24px\" aria-hidden=\"true\" class=\"wp-block-spacer\"><\/div>\n\n\n<div class=\"wp-block-image icon-style is-style-default\">\n<figure class=\"aligncenter size-full is-resized\"><img loading=\"lazy\" decoding=\"async\" width=\"782\" height=\"782\" src=\"https:\/\/the-challenge.ch\/wp-content\/uploads\/2023\/12\/email.png\" alt=\"\" class=\"wp-image-584\" style=\"width:65px;height:auto\" srcset=\"https:\/\/the-challenge.ch\/wp-content\/uploads\/2023\/12\/email.png 782w, https:\/\/the-challenge.ch\/wp-content\/uploads\/2023\/12\/email-300x300.png 300w, https:\/\/the-challenge.ch\/wp-content\/uploads\/2023\/12\/email-150x150.png 150w, https:\/\/the-challenge.ch\/wp-content\/uploads\/2023\/12\/email-768x768.png 768w\" sizes=\"auto, (max-width: 782px) 100vw, 782px\" \/><\/figure><\/div>\n\n\n<div style=\"height:24px\" aria-hidden=\"true\" class=\"wp-block-spacer\"><\/div>\n\n\n\n<h3 class=\"wp-block-heading has-text-align-center has-neve-text-color-color has-text-color\">eMail<\/h3>\n\n\n\n<p class=\"has-text-align-center has-neve-text-color-color has-text-color\" style=\"font-size:15px\"><a href=\"mailto:info@cycling-challenge.ch\">info@cycling-challenge.ch<\/a><\/p>\n\n\n\n<div style=\"height:24px\" aria-hidden=\"true\" class=\"wp-block-spacer\"><\/div>\n<\/div><\/div>\n<\/div>\n\n\n\n<div class=\"wp-block-column ticss-a5b4df29 is-layout-flow wp-block-column-is-layout-flow\">\n<div class=\"wp-block-group has-nv-site-bg-background-color has-background\"><div class=\"wp-block-group__inner-container is-layout-flow wp-block-group-is-layout-flow\">\n<div style=\"height:24px\" aria-hidden=\"true\" class=\"wp-block-spacer\"><\/div>\n\n\n<div class=\"wp-block-image icon-style is-style-default\">\n<figure class=\"aligncenter size-full is-resized\"><img loading=\"lazy\" decoding=\"async\" width=\"782\" height=\"782\" src=\"https:\/\/the-challenge.ch\/wp-content\/uploads\/2023\/12\/Haus.png\" alt=\"\" class=\"wp-image-585\" style=\"width:65px;height:auto\" srcset=\"https:\/\/the-challenge.ch\/wp-content\/uploads\/2023\/12\/Haus.png 782w, https:\/\/the-challenge.ch\/wp-content\/uploads\/2023\/12\/Haus-300x300.png 300w, https:\/\/the-challenge.ch\/wp-content\/uploads\/2023\/12\/Haus-150x150.png 150w, https:\/\/the-challenge.ch\/wp-content\/uploads\/2023\/12\/Haus-768x768.png 768w\" sizes=\"auto, (max-width: 782px) 100vw, 782px\" \/><\/figure><\/div>\n\n\n<div style=\"height:24px\" aria-hidden=\"true\" class=\"wp-block-spacer\"><\/div>\n\n\n\n<h3 class=\"wp-block-heading has-text-align-center has-neve-text-color-color has-text-color\">Office<\/h3>\n\n\n\n<p class=\"has-text-align-center has-neve-text-color-color has-text-color\" style=\"font-size:15px\"><a href=\"http:\/\/google.com\/maps\/place\/Fotostudio+Stebler\/@47.1999334,7.4260863,15z\/data=!4m6!3m5!1s0x478e217e2ba2bb2f:0xea8b69b0e3b7ef2c!8m2!3d47.1999334!4d7.4260863!16s%2Fg%2F11flf2skr5?entry=ttu\" target=\"_blank\" rel=\"noreferrer noopener\">Dorfstrasse 16, Bettlach<\/a><\/p>\n\n\n\n<div style=\"height:24px\" aria-hidden=\"true\" class=\"wp-block-spacer\"><\/div>\n<\/div><\/div>\n<\/div>\n<\/div>\n\n\n\n<div style=\"height:30px\" aria-hidden=\"true\" class=\"wp-block-spacer\"><\/div>\n<\/div><\/div>\n\n<div class=\"wp-block-cover alignfull\" style=\"min-height:600px;aspect-ratio:unset;\"><span aria-hidden=\"true\" class=\"wp-block-cover__background has-nv-dark-bg-background-color has-background-dim-100 has-background-dim\"><\/span><div class=\"wp-block-cover__inner-container is-layout-flow wp-block-cover-is-layout-flow\">\n<div class=\"wp-block-group\"><div class=\"wp-block-group__inner-container is-layout-flow wp-block-group-is-layout-flow\">\n<div style=\"height:80px\" aria-hidden=\"true\" class=\"wp-block-spacer\"><\/div>\n\n\n\n<div class=\"wp-block-columns is-layout-flex wp-container-core-columns-is-layout-9d6595d7 wp-block-columns-is-layout-flex\">\n<div class=\"wp-block-column is-layout-flow wp-block-column-is-layout-flow\" style=\"flex-basis:50%\">\n<h2 class=\"wp-block-heading has-nv-text-dark-bg-color has-text-color\">Message<\/h2>\n\n\n\n<p class=\"has-white-color has-text-color\">Si tu as des questions ou si tu souhaites participer \u00e0 ce projet, n&rsquo;h\u00e9site pas \u00e0 nous contacter !<\/p>\n\n\n\n<ul class=\"wp-block-social-links has-normal-icon-size is-style-pill-shape is-layout-flex wp-block-social-links-is-layout-flex\"><li class=\"wp-social-link wp-social-link-facebook  wp-block-social-link\"><a href=\"#\" class=\"wp-block-social-link-anchor\"><svg width=\"24\" height=\"24\" viewBox=\"0 0 24 24\" version=\"1.1\" xmlns=\"http:\/\/www.w3.org\/2000\/svg\" aria-hidden=\"true\" focusable=\"false\"><path d=\"M12 2C6.5 2 2 6.5 2 12c0 5 3.7 9.1 8.4 9.9v-7H7.9V12h2.5V9.8c0-2.5 1.5-3.9 3.8-3.9 1.1 0 2.2.2 2.2.2v2.5h-1.3c-1.2 0-1.6.8-1.6 1.6V12h2.8l-.4 2.9h-2.3v7C18.3 21.1 22 17 22 12c0-5.5-4.5-10-10-10z\"><\/path><\/svg><span class=\"wp-block-social-link-label screen-reader-text\">Facebook<\/span><\/a><\/li>\n\n<li class=\"wp-social-link wp-social-link-twitter  wp-block-social-link\"><a href=\"#\" class=\"wp-block-social-link-anchor\"><svg width=\"24\" height=\"24\" viewBox=\"0 0 24 24\" version=\"1.1\" xmlns=\"http:\/\/www.w3.org\/2000\/svg\" aria-hidden=\"true\" focusable=\"false\"><path d=\"M22.23,5.924c-0.736,0.326-1.527,0.547-2.357,0.646c0.847-0.508,1.498-1.312,1.804-2.27 c-0.793,0.47-1.671,0.812-2.606,0.996C18.324,4.498,17.257,4,16.077,4c-2.266,0-4.103,1.837-4.103,4.103 c0,0.322,0.036,0.635,0.106,0.935C8.67,8.867,5.647,7.234,3.623,4.751C3.27,5.357,3.067,6.062,3.067,6.814 c0,1.424,0.724,2.679,1.825,3.415c-0.673-0.021-1.305-0.206-1.859-0.513c0,0.017,0,0.034,0,0.052c0,1.988,1.414,3.647,3.292,4.023 c-0.344,0.094-0.707,0.144-1.081,0.144c-0.264,0-0.521-0.026-0.772-0.074c0.522,1.63,2.038,2.816,3.833,2.85 c-1.404,1.1-3.174,1.756-5.096,1.756c-0.331,0-0.658-0.019-0.979-0.057c1.816,1.164,3.973,1.843,6.29,1.843 c7.547,0,11.675-6.252,11.675-11.675c0-0.178-0.004-0.355-0.012-0.531C20.985,7.47,21.68,6.747,22.23,5.924z\"><\/path><\/svg><span class=\"wp-block-social-link-label screen-reader-text\">Twitter<\/span><\/a><\/li>\n\n<li class=\"wp-social-link wp-social-link-google  wp-block-social-link\"><a href=\"#\" class=\"wp-block-social-link-anchor\"><svg width=\"24\" height=\"24\" viewBox=\"0 0 24 24\" version=\"1.1\" xmlns=\"http:\/\/www.w3.org\/2000\/svg\" aria-hidden=\"true\" focusable=\"false\"><path d=\"M12.02,10.18v3.72v0.01h5.51c-0.26,1.57-1.67,4.22-5.5,4.22c-3.31,0-6.01-2.75-6.01-6.12s2.7-6.12,6.01-6.12 c1.87,0,3.13,0.8,3.85,1.48l2.84-2.76C16.99,2.99,14.73,2,12.03,2c-5.52,0-10,4.48-10,10s4.48,10,10,10c5.77,0,9.6-4.06,9.6-9.77 c0-0.83-0.11-1.42-0.25-2.05H12.02z\"><\/path><\/svg><span class=\"wp-block-social-link-label screen-reader-text\">Google<\/span><\/a><\/li><\/ul>\n<\/div>\n\n\n\n<div class=\"wp-block-column is-vertically-aligned-center is-layout-flow wp-block-column-is-layout-flow\" style=\"flex-basis:50%\">\n<div id=\"wp-block-themeisle-blocks-form-5a53b94c\" class=\"wp-block-themeisle-blocks-form\" data-option-name=\"bf9b28ff82ce323187abc5d0feb0d8f07ecd8436_5a53b94c\"><form class=\"otter-form__container\">\n<div id=\"wp-block-themeisle-blocks-form-input-dcbb4f89\" class=\"wp-block-themeisle-blocks-form-input\"><label for=\"wp-block-themeisle-blocks-form-input-dcbb4f89-input\" class=\"otter-form-input-label\"><span class=\"otter-form-input-label__label\">Nom<\/span><span class=\"required\">*<\/span><\/label><input type=\"text\" id=\"wp-block-themeisle-blocks-form-input-dcbb4f89-input\" required=\"\" class=\"otter-form-input\"><\/div>\n\n\n\n<div id=\"wp-block-themeisle-blocks-form-input-c32e5623\" class=\"wp-block-themeisle-blocks-form-input\"><label for=\"wp-block-themeisle-blocks-form-input-c32e5623-input\" class=\"otter-form-input-label\"><span class=\"otter-form-input-label__label\">Email<\/span><span class=\"required\">*<\/span><\/label><input type=\"email\" id=\"wp-block-themeisle-blocks-form-input-c32e5623-input\" required=\"\" class=\"otter-form-input\"><\/div>\n\n\n\n<div id=\"wp-block-themeisle-blocks-form-textarea-655994fe\" class=\"wp-block-themeisle-blocks-form-textarea\"><label for=\"wp-block-themeisle-blocks-form-textarea-655994fe-input\" class=\"otter-form-textarea-label\"><span class=\"otter-form-textarea-label__label\">Message<\/span><\/label><textarea id=\"wp-block-themeisle-blocks-form-textarea-655994fe-input\" rows=\"10\" class=\"otter-form-textarea-input\"><\/textarea><\/div>\n\n\n<div class=\"protection\" aria-hidden=\"true\"><input type=\"hidden\" id=\"wp-block-themeisle-blocks-form-5a53b94c_nonce_field\" name=\"wp-block-themeisle-blocks-form-5a53b94c_nonce_field\" value=\"cdae0291d0\" \/><input type=\"hidden\" name=\"_wp_http_referer\" value=\"\/fr\/wp-json\/wp\/v2\/pages\/1210\" \/><input class=\"o-anti-bot\" type=\"checkbox\"><\/div><div class=\"wp-block-button\"><button class=\"wp-block-button__link\" type=\"submit\">Senden&#8230;<\/button><\/div><\/form><\/div>\n<\/div>\n<\/div>\n\n\n\n<div style=\"height:40px\" aria-hidden=\"true\" class=\"wp-block-spacer\"><\/div>\n<\/div><\/div>\n<\/div><\/div>\n","protected":false},"excerpt":{"rendered":"","protected":false},"author":1,"featured_media":0,"parent":0,"menu_order":0,"comment_status":"closed","ping_status":"closed","template":"","meta":{"neve_meta_sidebar":"default","neve_meta_container":"","neve_meta_enable_content_width":"on","neve_meta_content_width":100,"neve_meta_title_alignment":"","neve_meta_author_avatar":"","neve_post_elements_order":"","neve_meta_disable_header":"","neve_meta_disable_footer":"","neve_meta_disable_title":"on","neve_meta_reading_time":"","_themeisle_gutenberg_block_has_review":false,"footnotes":""},"class_list":["post-1210","page","type-page","status-publish","hentry"],"yoast_head":"<!-- This site is optimized with the Yoast SEO plugin v27.4 - https:\/\/yoast.com\/product\/yoast-seo-wordpress\/ -->\n<title>Contact - The Challenge<\/title>\n<meta name=\"robots\" content=\"index, follow, max-snippet:-1, max-image-preview:large, max-video-preview:-1\" \/>\n<link rel=\"canonical\" href=\"https:\/\/the-challenge.ch\/fr\/contact\/\" \/>\n<meta property=\"og:locale\" content=\"fr_FR\" \/>\n<meta property=\"og:type\" content=\"article\" \/>\n<meta property=\"og:title\" content=\"Contact - The Challenge\" \/>\n<meta property=\"og:url\" content=\"https:\/\/the-challenge.ch\/fr\/contact\/\" \/>\n<meta property=\"og:site_name\" content=\"The Challenge\" \/>\n<meta property=\"article:publisher\" content=\"https:\/\/www.facebook.com\/beat.stebler.5\" \/>\n<meta property=\"article:modified_time\" content=\"2024-07-18T17:16:26+00:00\" \/>\n<meta property=\"og:image\" content=\"https:\/\/the-challenge.ch\/wp-content\/uploads\/2023\/12\/Kontakt.jpg\" \/>\n<meta name=\"twitter:card\" content=\"summary_large_image\" \/>\n<script type=\"application\/ld+json\" class=\"yoast-schema-graph\">{\"@context\":\"https:\\\/\\\/schema.org\",\"@graph\":[{\"@type\":\"WebPage\",\"@id\":\"https:\\\/\\\/the-challenge.ch\\\/fr\\\/contact\\\/\",\"url\":\"https:\\\/\\\/the-challenge.ch\\\/fr\\\/contact\\\/\",\"name\":\"Contact - The Challenge\",\"isPartOf\":{\"@id\":\"https:\\\/\\\/the-challenge.ch\\\/fr\\\/#website\"},\"primaryImageOfPage\":{\"@id\":\"https:\\\/\\\/the-challenge.ch\\\/fr\\\/contact\\\/#primaryimage\"},\"image\":{\"@id\":\"https:\\\/\\\/the-challenge.ch\\\/fr\\\/contact\\\/#primaryimage\"},\"thumbnailUrl\":\"https:\\\/\\\/the-challenge.ch\\\/wp-content\\\/uploads\\\/2023\\\/12\\\/Kontakt.jpg\",\"datePublished\":\"2020-01-27T08:29:32+00:00\",\"dateModified\":\"2024-07-18T17:16:26+00:00\",\"breadcrumb\":{\"@id\":\"https:\\\/\\\/the-challenge.ch\\\/fr\\\/contact\\\/#breadcrumb\"},\"inLanguage\":\"fr-FR\",\"potentialAction\":[{\"@type\":\"ReadAction\",\"target\":[\"https:\\\/\\\/the-challenge.ch\\\/fr\\\/contact\\\/\"]}]},{\"@type\":\"ImageObject\",\"inLanguage\":\"fr-FR\",\"@id\":\"https:\\\/\\\/the-challenge.ch\\\/fr\\\/contact\\\/#primaryimage\",\"url\":\"https:\\\/\\\/the-challenge.ch\\\/wp-content\\\/uploads\\\/2023\\\/12\\\/Kontakt.jpg\",\"contentUrl\":\"https:\\\/\\\/the-challenge.ch\\\/wp-content\\\/uploads\\\/2023\\\/12\\\/Kontakt.jpg\"},{\"@type\":\"BreadcrumbList\",\"@id\":\"https:\\\/\\\/the-challenge.ch\\\/fr\\\/contact\\\/#breadcrumb\",\"itemListElement\":[{\"@type\":\"ListItem\",\"position\":1,\"name\":\"Startseite\",\"item\":\"https:\\\/\\\/the-challenge.ch\\\/fr\\\/\"},{\"@type\":\"ListItem\",\"position\":2,\"name\":\"Contact\"}]},{\"@type\":\"WebSite\",\"@id\":\"https:\\\/\\\/the-challenge.ch\\\/fr\\\/#website\",\"url\":\"https:\\\/\\\/the-challenge.ch\\\/fr\\\/\",\"name\":\"Track Cycling Challenge\",\"description\":\"Leistungssport im dritten Lebensabschnitt\",\"publisher\":{\"@id\":\"https:\\\/\\\/the-challenge.ch\\\/fr\\\/#organization\"},\"potentialAction\":[{\"@type\":\"SearchAction\",\"target\":{\"@type\":\"EntryPoint\",\"urlTemplate\":\"https:\\\/\\\/the-challenge.ch\\\/fr\\\/?s={search_term_string}\"},\"query-input\":{\"@type\":\"PropertyValueSpecification\",\"valueRequired\":true,\"valueName\":\"search_term_string\"}}],\"inLanguage\":\"fr-FR\"},{\"@type\":\"Organization\",\"@id\":\"https:\\\/\\\/the-challenge.ch\\\/fr\\\/#organization\",\"name\":\"Track Cycling Challenge\",\"url\":\"https:\\\/\\\/the-challenge.ch\\\/fr\\\/\",\"logo\":{\"@type\":\"ImageObject\",\"inLanguage\":\"fr-FR\",\"@id\":\"https:\\\/\\\/the-challenge.ch\\\/fr\\\/#\\\/schema\\\/logo\\\/image\\\/\",\"url\":\"https:\\\/\\\/the-challenge.ch\\\/wp-content\\\/uploads\\\/2023\\\/12\\\/TCC_1920.png\",\"contentUrl\":\"https:\\\/\\\/the-challenge.ch\\\/wp-content\\\/uploads\\\/2023\\\/12\\\/TCC_1920.png\",\"width\":1920,\"height\":1567,\"caption\":\"Track Cycling Challenge\"},\"image\":{\"@id\":\"https:\\\/\\\/the-challenge.ch\\\/fr\\\/#\\\/schema\\\/logo\\\/image\\\/\"},\"sameAs\":[\"https:\\\/\\\/www.facebook.com\\\/beat.stebler.5\",\"https:\\\/\\\/www.instagram.com\\\/beat.stebler\\\/\"]}]}<\/script>\n<!-- \/ Yoast SEO plugin. -->","yoast_head_json":{"title":"Contact - The Challenge","robots":{"index":"index","follow":"follow","max-snippet":"max-snippet:-1","max-image-preview":"max-image-preview:large","max-video-preview":"max-video-preview:-1"},"canonical":"https:\/\/the-challenge.ch\/fr\/contact\/","og_locale":"fr_FR","og_type":"article","og_title":"Contact - The Challenge","og_url":"https:\/\/the-challenge.ch\/fr\/contact\/","og_site_name":"The Challenge","article_publisher":"https:\/\/www.facebook.com\/beat.stebler.5","article_modified_time":"2024-07-18T17:16:26+00:00","og_image":[{"url":"https:\/\/the-challenge.ch\/wp-content\/uploads\/2023\/12\/Kontakt.jpg","type":"","width":"","height":""}],"twitter_card":"summary_large_image","schema":{"@context":"https:\/\/schema.org","@graph":[{"@type":"WebPage","@id":"https:\/\/the-challenge.ch\/fr\/contact\/","url":"https:\/\/the-challenge.ch\/fr\/contact\/","name":"Contact - The Challenge","isPartOf":{"@id":"https:\/\/the-challenge.ch\/fr\/#website"},"primaryImageOfPage":{"@id":"https:\/\/the-challenge.ch\/fr\/contact\/#primaryimage"},"image":{"@id":"https:\/\/the-challenge.ch\/fr\/contact\/#primaryimage"},"thumbnailUrl":"https:\/\/the-challenge.ch\/wp-content\/uploads\/2023\/12\/Kontakt.jpg","datePublished":"2020-01-27T08:29:32+00:00","dateModified":"2024-07-18T17:16:26+00:00","breadcrumb":{"@id":"https:\/\/the-challenge.ch\/fr\/contact\/#breadcrumb"},"inLanguage":"fr-FR","potentialAction":[{"@type":"ReadAction","target":["https:\/\/the-challenge.ch\/fr\/contact\/"]}]},{"@type":"ImageObject","inLanguage":"fr-FR","@id":"https:\/\/the-challenge.ch\/fr\/contact\/#primaryimage","url":"https:\/\/the-challenge.ch\/wp-content\/uploads\/2023\/12\/Kontakt.jpg","contentUrl":"https:\/\/the-challenge.ch\/wp-content\/uploads\/2023\/12\/Kontakt.jpg"},{"@type":"BreadcrumbList","@id":"https:\/\/the-challenge.ch\/fr\/contact\/#breadcrumb","itemListElement":[{"@type":"ListItem","position":1,"name":"Startseite","item":"https:\/\/the-challenge.ch\/fr\/"},{"@type":"ListItem","position":2,"name":"Contact"}]},{"@type":"WebSite","@id":"https:\/\/the-challenge.ch\/fr\/#website","url":"https:\/\/the-challenge.ch\/fr\/","name":"Track Cycling Challenge","description":"Leistungssport im dritten Lebensabschnitt","publisher":{"@id":"https:\/\/the-challenge.ch\/fr\/#organization"},"potentialAction":[{"@type":"SearchAction","target":{"@type":"EntryPoint","urlTemplate":"https:\/\/the-challenge.ch\/fr\/?s={search_term_string}"},"query-input":{"@type":"PropertyValueSpecification","valueRequired":true,"valueName":"search_term_string"}}],"inLanguage":"fr-FR"},{"@type":"Organization","@id":"https:\/\/the-challenge.ch\/fr\/#organization","name":"Track Cycling Challenge","url":"https:\/\/the-challenge.ch\/fr\/","logo":{"@type":"ImageObject","inLanguage":"fr-FR","@id":"https:\/\/the-challenge.ch\/fr\/#\/schema\/logo\/image\/","url":"https:\/\/the-challenge.ch\/wp-content\/uploads\/2023\/12\/TCC_1920.png","contentUrl":"https:\/\/the-challenge.ch\/wp-content\/uploads\/2023\/12\/TCC_1920.png","width":1920,"height":1567,"caption":"Track Cycling Challenge"},"image":{"@id":"https:\/\/the-challenge.ch\/fr\/#\/schema\/logo\/image\/"},"sameAs":["https:\/\/www.facebook.com\/beat.stebler.5","https:\/\/www.instagram.com\/beat.stebler\/"]}]}},"_links":{"self":[{"href":"https:\/\/the-challenge.ch\/fr\/wp-json\/wp\/v2\/pages\/1210","targetHints":{"allow":["GET"]}}],"collection":[{"href":"https:\/\/the-challenge.ch\/fr\/wp-json\/wp\/v2\/pages"}],"about":[{"href":"https:\/\/the-challenge.ch\/fr\/wp-json\/wp\/v2\/types\/page"}],"author":[{"embeddable":true,"href":"https:\/\/the-challenge.ch\/fr\/wp-json\/wp\/v2\/users\/1"}],"replies":[{"embeddable":true,"href":"https:\/\/the-challenge.ch\/fr\/wp-json\/wp\/v2\/comments?post=1210"}],"version-history":[{"count":2,"href":"https:\/\/the-challenge.ch\/fr\/wp-json\/wp\/v2\/pages\/1210\/revisions"}],"predecessor-version":[{"id":1402,"href":"https:\/\/the-challenge.ch\/fr\/wp-json\/wp\/v2\/pages\/1210\/revisions\/1402"}],"wp:attachment":[{"href":"https:\/\/the-challenge.ch\/fr\/wp-json\/wp\/v2\/media?parent=1210"}],"curies":[{"name":"wp","href":"https:\/\/api.w.org\/{rel}","templated":true}]}}