{"id":1206,"date":"2020-01-23T18:21:52","date_gmt":"2020-01-23T18:21:52","guid":{"rendered":"https:\/\/the-challenge.ch\/equipe\/"},"modified":"2026-04-10T07:38:58","modified_gmt":"2026-04-10T07:38:58","slug":"equipe","status":"publish","type":"page","link":"https:\/\/the-challenge.ch\/fr\/equipe\/","title":{"rendered":"\u00c9quipe"},"content":{"rendered":"\n<div class=\"wp-block-cover alignfull is-light\" style=\"min-height:700px;aspect-ratio:unset;\"><img loading=\"lazy\" decoding=\"async\" width=\"1920\" height=\"1076\" class=\"wp-block-cover__image-background wp-image-580\" alt=\"\" src=\"https:\/\/the-challenge.ch\/wp-content\/uploads\/2023\/12\/Titel_Ueber_uns_1920-1.jpg\" data-object-fit=\"cover\" srcset=\"https:\/\/the-challenge.ch\/wp-content\/uploads\/2023\/12\/Titel_Ueber_uns_1920-1.jpg 1920w, https:\/\/the-challenge.ch\/wp-content\/uploads\/2023\/12\/Titel_Ueber_uns_1920-1-300x168.jpg 300w, https:\/\/the-challenge.ch\/wp-content\/uploads\/2023\/12\/Titel_Ueber_uns_1920-1-1024x574.jpg 1024w, https:\/\/the-challenge.ch\/wp-content\/uploads\/2023\/12\/Titel_Ueber_uns_1920-1-768x430.jpg 768w, https:\/\/the-challenge.ch\/wp-content\/uploads\/2023\/12\/Titel_Ueber_uns_1920-1-1536x861.jpg 1536w\" sizes=\"auto, (max-width: 1920px) 100vw, 1920px\" \/><span aria-hidden=\"true\" class=\"wp-block-cover__background has-background-dim-0 has-background-dim\"><\/span><div class=\"wp-block-cover__inner-container is-layout-flow wp-block-cover-is-layout-flow\">\n<div style=\"height:80px\" aria-hidden=\"true\" class=\"wp-block-spacer\"><\/div>\n\n\n\n<div style=\"height:80px\" aria-hidden=\"true\" class=\"wp-block-spacer\"><\/div>\n<\/div><\/div>\n\n<div style=\"height:60px\" aria-hidden=\"true\" class=\"wp-block-spacer\"><\/div>\n\n<h1 class=\"wp-block-heading has-text-align-center\">L&rsquo;\u00e9quipe<\/h1>\n\n<div style=\"height:18px\" aria-hidden=\"true\" class=\"wp-block-spacer\"><\/div>\n\n<p>Pour ce projet, nous avons pu recruter les MEILLEURS !<\/p>\n\n<ul class=\"wp-block-list\">\n<li>Entra\u00eeneur de piste : <a href=\"https:\/\/www.Wyss-Training.ch\" target=\"_blank\" rel=\"noreferrer noopener\"><strong>Marcel Wyss<\/strong><\/a>Entra\u00eeneur professionnel Swiss Olympic, niveau sport de comp\u00e9tition<\/li>\n\n\n\n<li>Entra\u00eeneur de force et d&rsquo;athl\u00e9tisme : <strong><a href=\"https:\/\/the-challenge.ch\/das_team\/#krafttrainer\">Stefan Bernhard<\/a><\/strong>, manager sportif dipl\u00f4m\u00e9 Swiss Olympic<\/li>\n\n\n\n<li>M\u00e9canicien en chef : en conversation<\/li>\n\n\n\n<li>M\u00e9decin du sport : le m\u00e9decin souhait\u00e9 est trouv\u00e9.<\/li>\n\n\n\n<li>Physioth\u00e9rapeute : Jan Swager van Dok, <a href=\"https:\/\/www.x10d.swiss\/\" target=\"_blank\" rel=\"noreferrer noopener\">x10d chaussures de sant\u00e9<\/a><\/li>\n\n\n\n<li>Psychologue\/entra\u00eeneur mental : est consult\u00e9 en cas de besoin<\/li>\n\n\n\n<li>Professeur de yoga : Isabell Kurt, physioth\u00e9rapeute dipl\u00f4m\u00e9e et professeur de yoga, <a href=\"https:\/\/www.isifit.ch\/\">Isifit Physiotherapie &amp; Training<\/a> <\/li>\n\n\n\n<li>Nutritionniste : Karin Gfeller, BSc Nutrition &amp; Di\u00e9t\u00e9tique, <a href=\"https:\/\/www.ssns.ch\/ssns\/board\/\" target=\"_blank\" rel=\"noreferrer noopener\">Swiss Sport Nutrition Society SSNS<\/a><\/li>\n<\/ul>\n\n<p><\/p>\n\n<div style=\"height:18px\" aria-hidden=\"true\" class=\"wp-block-spacer\"><\/div>\n\n<div class=\"wp-block-cover alignfull\" style=\"min-height:600px;aspect-ratio:unset;\" id=\"fahrer\"><span aria-hidden=\"true\" class=\"wp-block-cover__background has-nv-light-bg-background-color has-background-dim-100 has-background-dim\"><\/span><div class=\"wp-block-cover__inner-container is-layout-flow wp-block-cover-is-layout-flow\">\n<div class=\"wp-block-group\"><div class=\"wp-block-group__inner-container is-layout-flow wp-block-group-is-layout-flow\">\n<div style=\"height:80px\" aria-hidden=\"true\" class=\"wp-block-spacer\"><\/div>\n\n\n\n<div class=\"wp-block-columns is-layout-flex wp-container-core-columns-is-layout-9d6595d7 wp-block-columns-is-layout-flex\">\n<div class=\"wp-block-column is-layout-flow wp-block-column-is-layout-flow\" style=\"flex-basis:33.33%\">\n<figure class=\"wp-block-image size-full\" id=\"wp-block-themeisle-blocks-image-b037c9a2\"><img loading=\"lazy\" decoding=\"async\" width=\"429\" height=\"600\" src=\"https:\/\/the-challenge.ch\/wp-content\/uploads\/2024\/04\/R6B_2335-jpg.webp\" alt=\"\" class=\"wp-image-1360\" srcset=\"https:\/\/the-challenge.ch\/wp-content\/uploads\/2024\/04\/R6B_2335-jpg.webp 429w, https:\/\/the-challenge.ch\/wp-content\/uploads\/2024\/04\/R6B_2335-215x300.webp 215w\" sizes=\"auto, (max-width: 429px) 100vw, 429px\" \/><\/figure>\n<\/div>\n\n\n\n<div class=\"wp-block-column is-layout-flow wp-block-column-is-layout-flow\" style=\"flex-basis:66.66%\">\n<h2 class=\"wp-block-heading has-neve-text-color-color has-text-color\">Athl\u00e8te<\/h2>\n\n\n\n<h4 class=\"wp-block-heading has-neve-text-color-color has-text-color\">Beat Stebler<\/h4>\n\n\n\n<p class=\"has-neve-text-color-color has-text-color\">N\u00e9 en 1961<br\/>Mari\u00e9<br\/>P\u00e8re de 3 enfants, 2 petits-enfants<\/p>\n\n\n\n<p class=\"has-neve-text-color-color has-text-color\"><strong>Sport<\/strong> <br\/>1968 \u00e0 1983 Natation<br\/>1978 &#8211; 1989 Trial (SAM champion junior) <br\/>1987 &#8211; 1993 Rallye moto (Sardaigne- Pharaons- Tunisie)<br\/>1994 &#8211; 2010 Triathlon (38 au championnat suisse des plus de 40 ans)<br\/>2002 Berlin Marathon 3h 38m<br\/>d\u00e8s 2011 V\u00e9lo, natation et course \u00e0 pied<br\/>2023 Projet Track-Cycling-Chalange<\/p>\n\n\n\n<p><strong>Profession<\/strong><br\/>\u00c9conomiste d&rsquo;entreprise dipl. oek.<br\/>CAS in Business Communication &amp; Video Marketing<br\/>Photographe LDF<br\/>Conseil d&rsquo;administration de focusMINT (\u00e9tablissement de formation pour les \u00e9coles de tous niveaux au Campus Technique de Granges)<br\/>Conseil d&rsquo;administration de l&rsquo;association des commer\u00e7ants de Bettlach<br\/>Conseil d&rsquo;administration de la coop\u00e9rative fonci\u00e8re de Bettlach-Altreu<\/p>\n<\/div>\n<\/div>\n\n\n\n<div style=\"height:38px\" aria-hidden=\"true\" class=\"wp-block-spacer\"><\/div>\n<\/div><\/div>\n<\/div><\/div>\n\n<div class=\"wp-block-cover alignfull\" style=\"min-height:600px;aspect-ratio:unset;\" id=\"bahntrainer\"><span aria-hidden=\"true\" class=\"wp-block-cover__background has-nv-c-2-background-color has-background-dim-100 has-background-dim\"><\/span><div class=\"wp-block-cover__inner-container is-layout-flow wp-block-cover-is-layout-flow\">\n<div class=\"wp-block-group\"><div class=\"wp-block-group__inner-container is-layout-flow wp-block-group-is-layout-flow\">\n<div style=\"height:80px\" aria-hidden=\"true\" class=\"wp-block-spacer\"><\/div>\n\n\n\n<div class=\"wp-block-columns is-layout-flex wp-container-core-columns-is-layout-9d6595d7 wp-block-columns-is-layout-flex\">\n<div class=\"wp-block-column is-layout-flow wp-block-column-is-layout-flow\" style=\"flex-basis:33.33%\">\n<figure class=\"wp-block-image size-full\" id=\"wp-block-themeisle-blocks-image-cd6dcc4f\"><img loading=\"lazy\" decoding=\"async\" width=\"429\" height=\"600\" src=\"https:\/\/the-challenge.ch\/wp-content\/uploads\/2024\/04\/R6B_2050-jpg.webp\" alt=\"\" class=\"wp-image-1347\" srcset=\"https:\/\/the-challenge.ch\/wp-content\/uploads\/2024\/04\/R6B_2050-jpg.webp 429w, https:\/\/the-challenge.ch\/wp-content\/uploads\/2024\/04\/R6B_2050-215x300.webp 215w\" sizes=\"auto, (max-width: 429px) 100vw, 429px\" \/><\/figure>\n<\/div>\n\n\n\n<div class=\"wp-block-column is-layout-flow wp-block-column-is-layout-flow\" style=\"flex-basis:66.66%\">\n<h2 class=\"wp-block-heading has-neve-text-color-color has-text-color\">Entra\u00eeneur principal et entra\u00eeneur de v\u00e9lo<\/h2>\n\n\n\n<h4 class=\"wp-block-heading has-neve-text-color-color has-text-color\">Marcel Wyss<\/h4>\n\n\n\n<p>N\u00e9 en 1986<br\/>Mari\u00e9<br\/>P\u00e8re de 2 enfants<\/p>\n\n\n\n<p><strong>Profession<\/strong><br\/>Entra\u00eeneur professionnel Swiss Olympic, niveau sport de comp\u00e9tition<br\/>Entra\u00eeneur au TSP Mittelland<br\/>Entrepreneur : <a href=\"https:\/\/www.Wyss-Training.ch\" target=\"_blank\" rel=\"noreferrer noopener\">Wyss-Training.ch<\/a><\/p>\n\n\n\n<p><strong>Sport<\/strong><br\/>8 ans d&rsquo;exp\u00e9rience en tant que cycliste professionnel au cours desquels j&rsquo;ai particip\u00e9 \u00e0 600 courses professionnelles.<br\/>2x Tour de France, 3x Giro d&rsquo;Italia et 4x Tour de Suisse.<br\/>Plus de 300&rsquo;000 km de v\u00e9lo.<\/p>\n<\/div>\n<\/div>\n\n\n\n<div style=\"height:38px\" aria-hidden=\"true\" class=\"wp-block-spacer\"><\/div>\n<\/div><\/div>\n<\/div><\/div>\n\n<div class=\"wp-block-cover alignfull\" style=\"min-height:600px;aspect-ratio:unset;\" id=\"krafttrainer\"><span aria-hidden=\"true\" class=\"wp-block-cover__background has-nv-light-bg-background-color has-background-dim-100 has-background-dim\"><\/span><div class=\"wp-block-cover__inner-container is-layout-flow wp-block-cover-is-layout-flow\">\n<div class=\"wp-block-group\"><div class=\"wp-block-group__inner-container is-layout-flow wp-block-group-is-layout-flow\">\n<div style=\"height:80px\" aria-hidden=\"true\" class=\"wp-block-spacer\"><\/div>\n\n\n\n<div class=\"wp-block-columns is-layout-flex wp-container-core-columns-is-layout-9d6595d7 wp-block-columns-is-layout-flex\">\n<div class=\"wp-block-column is-layout-flow wp-block-column-is-layout-flow\" style=\"flex-basis:33.33%\"><div class=\"wp-block-image is-style-default\">\n<figure class=\"aligncenter size-full\" id=\"wp-block-themeisle-blocks-image-c8568490\"><img loading=\"lazy\" decoding=\"async\" width=\"400\" height=\"600\" src=\"https:\/\/the-challenge.ch\/wp-content\/uploads\/2024\/04\/R6B_1923-jpg.webp\" alt=\"\" class=\"wp-image-1376\" srcset=\"https:\/\/the-challenge.ch\/wp-content\/uploads\/2024\/04\/R6B_1923-jpg.webp 400w, https:\/\/the-challenge.ch\/wp-content\/uploads\/2024\/04\/R6B_1923-200x300.webp 200w\" sizes=\"auto, (max-width: 400px) 100vw, 400px\" \/><\/figure>\n<\/div><\/div>\n\n\n\n<div class=\"wp-block-column is-layout-flow wp-block-column-is-layout-flow\" style=\"flex-basis:66.66%\">\n<h2 class=\"wp-block-heading\">Entra\u00eeneur de force et d&rsquo;athl\u00e9tisme<\/h2>\n\n\n\n<h4 class=\"wp-block-heading\">St\u00e9phane Bernhard<\/h4>\n\n\n\n<blockquote class=\"wp-block-quote is-layout-flow wp-block-quote-is-layout-flow\">\n<p>Mon objectif est de faire de Beat un athl\u00e8te complet afin qu&rsquo;il soit capable de supporter les contraintes de l&rsquo;entra\u00eenement en vue de battre le record du monde de l&rsquo;heure.<\/p>\n<cite>Stefan Bernhard 2023<\/cite><\/blockquote>\n\n\n\n<p><strong>Sport<\/strong><br\/>Entra\u00eeneur national : SwissBoxing (2007-2010)<br\/>Chef du sport de comp\u00e9tition : SwissBoxing (2007-2010 et 2018-2019)<br\/>Expert aux examens Formation d&rsquo;entra\u00eeneur de comp\u00e9tition : SwissBoxing (2007-2011 et 2018-2019)<br\/>Entra\u00eeneur priv\u00e9 : Herry Saliku (participation aux championnats du monde 2009)<br\/>Entra\u00eeneur priv\u00e9 et manager : Dina Burger, m\u00e9daille d&rsquo;argent aux championnats du monde (2005), m\u00e9daille d&rsquo;argent aux championnats d&rsquo;Europe et m\u00e9daille d&rsquo;or europ\u00e9enne (2006)<br\/>Entra\u00eeneur de club : SBC Grenchen et Real Boxing (depuis 1999)<br\/>Boxeur actif jusqu&rsquo;en 1995<\/p>\n\n\n\n<p><strong>Professionnel<\/strong><br\/>Propri\u00e9taire de <a href=\"https:\/\/besttraining.ch\/index.html\" target=\"_blank\" rel=\"noreferrer noopener\">BEST TRAINING<\/a> Grenchen<br\/>Entra\u00eeneur professionnel de sport de comp\u00e9tition CFC : Swiss Olympic<br\/>Formateur d&rsquo;adultes : FSEA<br\/>Manager sportif dipl\u00f4m\u00e9 : Swiss Olympic<br\/>Entra\u00eeneur de fitness : SAFS<br\/>Entra\u00eeneur de boxe 3* : IBA (plus haut niveau d&rsquo;entra\u00eeneur de la f\u00e9d\u00e9ration mondiale)<br\/>Entra\u00eeneur de boxe de comp\u00e9tition : SwissBoxing<\/p>\n<\/div>\n<\/div>\n\n\n\n<div style=\"height:38px\" aria-hidden=\"true\" class=\"wp-block-spacer\"><\/div>\n<\/div><\/div>\n<\/div><\/div>\n\n<div class=\"wp-block-cover alignfull\" style=\"min-height:600px;aspect-ratio:unset;\" id=\"Physiotherapie\"><span aria-hidden=\"true\" class=\"wp-block-cover__background has-nv-c-2-background-color has-background-dim-100 has-background-dim\"><\/span><div class=\"wp-block-cover__inner-container is-layout-flow wp-block-cover-is-layout-flow\">\n<div class=\"wp-block-group\"><div class=\"wp-block-group__inner-container is-layout-flow wp-block-group-is-layout-flow\">\n<div style=\"height:80px\" aria-hidden=\"true\" class=\"wp-block-spacer\"><\/div>\n\n\n\n<div class=\"wp-block-columns is-layout-flex wp-container-core-columns-is-layout-9d6595d7 wp-block-columns-is-layout-flex\">\n<div class=\"wp-block-column is-layout-flow wp-block-column-is-layout-flow\" style=\"flex-basis:33.33%\">\n<figure class=\"wp-block-image size-full\" id=\"wp-block-themeisle-blocks-image-7889961d\"><img loading=\"lazy\" decoding=\"async\" width=\"429\" height=\"600\" src=\"https:\/\/the-challenge.ch\/wp-content\/uploads\/2026\/01\/R6B_9746.jpg\" alt=\"\" class=\"wp-image-1540\" srcset=\"https:\/\/the-challenge.ch\/wp-content\/uploads\/2026\/01\/R6B_9746.jpg 429w, https:\/\/the-challenge.ch\/wp-content\/uploads\/2026\/01\/R6B_9746-215x300.jpg 215w\" sizes=\"auto, (max-width: 429px) 100vw, 429px\" \/><\/figure>\n<\/div>\n\n\n\n<div class=\"wp-block-column is-layout-flow wp-block-column-is-layout-flow\" style=\"flex-basis:66.66%\">\n<h2 class=\"wp-block-heading has-neve-text-color-color has-text-color\">Physioth\u00e9rapie<\/h2>\n\n\n\n<h4 class=\"wp-block-heading has-neve-text-color-color has-text-color\">Jan Swager van Dok<\/h4>\n\n\n\n<p><strong>Profession<\/strong><br\/>M.Sc. en physioth\u00e9rapie, OMT svomp\u00ae<br\/>Entrepreneur : <a href=\"https:\/\/www.physiotherapie-grenchen.ch\/\">Physiotherapie Postmarkt<\/a><\/p>\n\n\n\n<p><strong>Sport<\/strong><br\/>Cyclistes et cyclistes sur piste<br\/>Record personnel de l&rsquo;heure 42,7 km\/h<\/p>\n<\/div>\n<\/div>\n\n\n\n<div style=\"height:38px\" aria-hidden=\"true\" class=\"wp-block-spacer\"><\/div>\n<\/div><\/div>\n<\/div><\/div>\n\n<div class=\"wp-block-cover alignfull\" style=\"min-height:600px;aspect-ratio:unset;\" id=\"krafttrainer\"><span aria-hidden=\"true\" class=\"wp-block-cover__background has-nv-light-bg-background-color has-background-dim-100 has-background-dim\"><\/span><div class=\"wp-block-cover__inner-container is-layout-flow wp-block-cover-is-layout-flow\">\n<div class=\"wp-block-group\"><div class=\"wp-block-group__inner-container is-layout-flow wp-block-group-is-layout-flow\">\n<div style=\"height:80px\" aria-hidden=\"true\" class=\"wp-block-spacer\"><\/div>\n\n\n\n<div class=\"wp-block-columns is-layout-flex wp-container-core-columns-is-layout-9d6595d7 wp-block-columns-is-layout-flex\">\n<div class=\"wp-block-column is-layout-flow wp-block-column-is-layout-flow\" style=\"flex-basis:33.33%\"><div class=\"wp-block-image is-style-default\">\n<figure class=\"aligncenter size-full\" id=\"wp-block-themeisle-blocks-image-be73cd14\"><img loading=\"lazy\" decoding=\"async\" width=\"120\" height=\"120\" src=\"https:\/\/the-challenge.ch\/wp-content\/uploads\/2023\/12\/Fitness.png\" alt=\"\" class=\"wp-image-642\"\/><\/figure>\n<\/div><\/div>\n\n\n\n<div class=\"wp-block-column is-layout-flow wp-block-column-is-layout-flow\" style=\"flex-basis:66.66%\">\n<h2 class=\"wp-block-heading\">Yoga<\/h2>\n\n\n\n<h4 class=\"wp-block-heading\">Isabell Kurt<\/h4>\n\n\n\n<p><strong>Professionnel<\/strong><br\/>Dipl. Physioth\u00e9rapeute et professeur de yoga<br\/>Entrepreneur : <a href=\"https:\/\/www.isifit.ch\/\">Isifit Physiotherapie &amp; Training<\/a><\/p>\n<\/div>\n<\/div>\n\n\n\n<div style=\"height:38px\" aria-hidden=\"true\" class=\"wp-block-spacer\"><\/div>\n<\/div><\/div>\n<\/div><\/div>\n\n<div style=\"height:18px\" aria-hidden=\"true\" class=\"wp-block-spacer\"><\/div>\n","protected":false},"excerpt":{"rendered":"<p>L&rsquo;\u00e9quipe Pour ce projet, nous avons pu recruter les MEILLEURS !<\/p>\n","protected":false},"author":1,"featured_media":0,"parent":0,"menu_order":0,"comment_status":"closed","ping_status":"closed","template":"","meta":{"neve_meta_sidebar":"default","neve_meta_container":"","neve_meta_enable_content_width":"on","neve_meta_content_width":100,"neve_meta_title_alignment":"","neve_meta_author_avatar":"","neve_post_elements_order":"","neve_meta_disable_header":"off","neve_meta_disable_footer":"","neve_meta_disable_title":"on","neve_meta_reading_time":"","_themeisle_gutenberg_block_has_review":false,"footnotes":""},"class_list":["post-1206","page","type-page","status-publish","hentry"],"yoast_head":"<!-- This site is optimized with the Yoast SEO plugin v27.4 - https:\/\/yoast.com\/product\/yoast-seo-wordpress\/ -->\n<title>\u00c9quipe - The Challenge<\/title>\n<meta name=\"robots\" content=\"index, follow, max-snippet:-1, max-image-preview:large, max-video-preview:-1\" \/>\n<link rel=\"canonical\" href=\"https:\/\/the-challenge.ch\/fr\/equipe\/\" \/>\n<meta property=\"og:locale\" content=\"fr_FR\" \/>\n<meta property=\"og:type\" content=\"article\" \/>\n<meta property=\"og:title\" content=\"\u00c9quipe - The Challenge\" \/>\n<meta property=\"og:description\" content=\"L&rsquo;\u00e9quipe Pour ce projet, nous avons pu recruter les MEILLEURS !\" \/>\n<meta property=\"og:url\" content=\"https:\/\/the-challenge.ch\/fr\/equipe\/\" \/>\n<meta property=\"og:site_name\" content=\"The Challenge\" \/>\n<meta property=\"article:publisher\" content=\"https:\/\/www.facebook.com\/beat.stebler.5\" \/>\n<meta property=\"article:modified_time\" content=\"2026-04-10T07:38:58+00:00\" \/>\n<meta property=\"og:image\" content=\"https:\/\/the-challenge.ch\/wp-content\/uploads\/2023\/12\/Titel_Ueber_uns_1920-1.jpg\" \/>\n\t<meta property=\"og:image:width\" content=\"1920\" \/>\n\t<meta property=\"og:image:height\" content=\"1076\" \/>\n\t<meta property=\"og:image:type\" content=\"image\/jpeg\" \/>\n<meta name=\"twitter:card\" content=\"summary_large_image\" \/>\n<meta name=\"twitter:label1\" content=\"Dur\u00e9e de lecture estim\u00e9e\" \/>\n\t<meta name=\"twitter:data1\" content=\"2 minutes\" \/>\n<script type=\"application\/ld+json\" class=\"yoast-schema-graph\">{\"@context\":\"https:\\\/\\\/schema.org\",\"@graph\":[{\"@type\":\"WebPage\",\"@id\":\"https:\\\/\\\/the-challenge.ch\\\/fr\\\/equipe\\\/\",\"url\":\"https:\\\/\\\/the-challenge.ch\\\/fr\\\/equipe\\\/\",\"name\":\"\u00c9quipe - The Challenge\",\"isPartOf\":{\"@id\":\"https:\\\/\\\/the-challenge.ch\\\/fr\\\/#website\"},\"primaryImageOfPage\":{\"@id\":\"https:\\\/\\\/the-challenge.ch\\\/fr\\\/equipe\\\/#primaryimage\"},\"image\":{\"@id\":\"https:\\\/\\\/the-challenge.ch\\\/fr\\\/equipe\\\/#primaryimage\"},\"thumbnailUrl\":\"https:\\\/\\\/the-challenge.ch\\\/wp-content\\\/uploads\\\/2023\\\/12\\\/Titel_Ueber_uns_1920-1.jpg\",\"datePublished\":\"2020-01-23T18:21:52+00:00\",\"dateModified\":\"2026-04-10T07:38:58+00:00\",\"breadcrumb\":{\"@id\":\"https:\\\/\\\/the-challenge.ch\\\/fr\\\/equipe\\\/#breadcrumb\"},\"inLanguage\":\"fr-FR\",\"potentialAction\":[{\"@type\":\"ReadAction\",\"target\":[\"https:\\\/\\\/the-challenge.ch\\\/fr\\\/equipe\\\/\"]}]},{\"@type\":\"ImageObject\",\"inLanguage\":\"fr-FR\",\"@id\":\"https:\\\/\\\/the-challenge.ch\\\/fr\\\/equipe\\\/#primaryimage\",\"url\":\"https:\\\/\\\/the-challenge.ch\\\/wp-content\\\/uploads\\\/2023\\\/12\\\/Titel_Ueber_uns_1920-1.jpg\",\"contentUrl\":\"https:\\\/\\\/the-challenge.ch\\\/wp-content\\\/uploads\\\/2023\\\/12\\\/Titel_Ueber_uns_1920-1.jpg\"},{\"@type\":\"BreadcrumbList\",\"@id\":\"https:\\\/\\\/the-challenge.ch\\\/fr\\\/equipe\\\/#breadcrumb\",\"itemListElement\":[{\"@type\":\"ListItem\",\"position\":1,\"name\":\"Startseite\",\"item\":\"https:\\\/\\\/the-challenge.ch\\\/fr\\\/\"},{\"@type\":\"ListItem\",\"position\":2,\"name\":\"\u00c9quipe\"}]},{\"@type\":\"WebSite\",\"@id\":\"https:\\\/\\\/the-challenge.ch\\\/fr\\\/#website\",\"url\":\"https:\\\/\\\/the-challenge.ch\\\/fr\\\/\",\"name\":\"Track Cycling Challenge\",\"description\":\"Leistungssport im dritten Lebensabschnitt\",\"publisher\":{\"@id\":\"https:\\\/\\\/the-challenge.ch\\\/fr\\\/#organization\"},\"potentialAction\":[{\"@type\":\"SearchAction\",\"target\":{\"@type\":\"EntryPoint\",\"urlTemplate\":\"https:\\\/\\\/the-challenge.ch\\\/fr\\\/?s={search_term_string}\"},\"query-input\":{\"@type\":\"PropertyValueSpecification\",\"valueRequired\":true,\"valueName\":\"search_term_string\"}}],\"inLanguage\":\"fr-FR\"},{\"@type\":\"Organization\",\"@id\":\"https:\\\/\\\/the-challenge.ch\\\/fr\\\/#organization\",\"name\":\"Track Cycling Challenge\",\"url\":\"https:\\\/\\\/the-challenge.ch\\\/fr\\\/\",\"logo\":{\"@type\":\"ImageObject\",\"inLanguage\":\"fr-FR\",\"@id\":\"https:\\\/\\\/the-challenge.ch\\\/fr\\\/#\\\/schema\\\/logo\\\/image\\\/\",\"url\":\"https:\\\/\\\/the-challenge.ch\\\/wp-content\\\/uploads\\\/2023\\\/12\\\/TCC_1920.png\",\"contentUrl\":\"https:\\\/\\\/the-challenge.ch\\\/wp-content\\\/uploads\\\/2023\\\/12\\\/TCC_1920.png\",\"width\":1920,\"height\":1567,\"caption\":\"Track Cycling Challenge\"},\"image\":{\"@id\":\"https:\\\/\\\/the-challenge.ch\\\/fr\\\/#\\\/schema\\\/logo\\\/image\\\/\"},\"sameAs\":[\"https:\\\/\\\/www.facebook.com\\\/beat.stebler.5\",\"https:\\\/\\\/www.instagram.com\\\/beat.stebler\\\/\"]}]}<\/script>\n<!-- \/ Yoast SEO plugin. -->","yoast_head_json":{"title":"\u00c9quipe - The Challenge","robots":{"index":"index","follow":"follow","max-snippet":"max-snippet:-1","max-image-preview":"max-image-preview:large","max-video-preview":"max-video-preview:-1"},"canonical":"https:\/\/the-challenge.ch\/fr\/equipe\/","og_locale":"fr_FR","og_type":"article","og_title":"\u00c9quipe - The Challenge","og_description":"L&rsquo;\u00e9quipe Pour ce projet, nous avons pu recruter les MEILLEURS !","og_url":"https:\/\/the-challenge.ch\/fr\/equipe\/","og_site_name":"The Challenge","article_publisher":"https:\/\/www.facebook.com\/beat.stebler.5","article_modified_time":"2026-04-10T07:38:58+00:00","og_image":[{"width":1920,"height":1076,"url":"https:\/\/the-challenge.ch\/wp-content\/uploads\/2023\/12\/Titel_Ueber_uns_1920-1.jpg","type":"image\/jpeg"}],"twitter_card":"summary_large_image","twitter_misc":{"Dur\u00e9e de lecture estim\u00e9e":"2 minutes"},"schema":{"@context":"https:\/\/schema.org","@graph":[{"@type":"WebPage","@id":"https:\/\/the-challenge.ch\/fr\/equipe\/","url":"https:\/\/the-challenge.ch\/fr\/equipe\/","name":"\u00c9quipe - The Challenge","isPartOf":{"@id":"https:\/\/the-challenge.ch\/fr\/#website"},"primaryImageOfPage":{"@id":"https:\/\/the-challenge.ch\/fr\/equipe\/#primaryimage"},"image":{"@id":"https:\/\/the-challenge.ch\/fr\/equipe\/#primaryimage"},"thumbnailUrl":"https:\/\/the-challenge.ch\/wp-content\/uploads\/2023\/12\/Titel_Ueber_uns_1920-1.jpg","datePublished":"2020-01-23T18:21:52+00:00","dateModified":"2026-04-10T07:38:58+00:00","breadcrumb":{"@id":"https:\/\/the-challenge.ch\/fr\/equipe\/#breadcrumb"},"inLanguage":"fr-FR","potentialAction":[{"@type":"ReadAction","target":["https:\/\/the-challenge.ch\/fr\/equipe\/"]}]},{"@type":"ImageObject","inLanguage":"fr-FR","@id":"https:\/\/the-challenge.ch\/fr\/equipe\/#primaryimage","url":"https:\/\/the-challenge.ch\/wp-content\/uploads\/2023\/12\/Titel_Ueber_uns_1920-1.jpg","contentUrl":"https:\/\/the-challenge.ch\/wp-content\/uploads\/2023\/12\/Titel_Ueber_uns_1920-1.jpg"},{"@type":"BreadcrumbList","@id":"https:\/\/the-challenge.ch\/fr\/equipe\/#breadcrumb","itemListElement":[{"@type":"ListItem","position":1,"name":"Startseite","item":"https:\/\/the-challenge.ch\/fr\/"},{"@type":"ListItem","position":2,"name":"\u00c9quipe"}]},{"@type":"WebSite","@id":"https:\/\/the-challenge.ch\/fr\/#website","url":"https:\/\/the-challenge.ch\/fr\/","name":"Track Cycling Challenge","description":"Leistungssport im dritten Lebensabschnitt","publisher":{"@id":"https:\/\/the-challenge.ch\/fr\/#organization"},"potentialAction":[{"@type":"SearchAction","target":{"@type":"EntryPoint","urlTemplate":"https:\/\/the-challenge.ch\/fr\/?s={search_term_string}"},"query-input":{"@type":"PropertyValueSpecification","valueRequired":true,"valueName":"search_term_string"}}],"inLanguage":"fr-FR"},{"@type":"Organization","@id":"https:\/\/the-challenge.ch\/fr\/#organization","name":"Track Cycling Challenge","url":"https:\/\/the-challenge.ch\/fr\/","logo":{"@type":"ImageObject","inLanguage":"fr-FR","@id":"https:\/\/the-challenge.ch\/fr\/#\/schema\/logo\/image\/","url":"https:\/\/the-challenge.ch\/wp-content\/uploads\/2023\/12\/TCC_1920.png","contentUrl":"https:\/\/the-challenge.ch\/wp-content\/uploads\/2023\/12\/TCC_1920.png","width":1920,"height":1567,"caption":"Track Cycling Challenge"},"image":{"@id":"https:\/\/the-challenge.ch\/fr\/#\/schema\/logo\/image\/"},"sameAs":["https:\/\/www.facebook.com\/beat.stebler.5","https:\/\/www.instagram.com\/beat.stebler\/"]}]}},"_links":{"self":[{"href":"https:\/\/the-challenge.ch\/fr\/wp-json\/wp\/v2\/pages\/1206","targetHints":{"allow":["GET"]}}],"collection":[{"href":"https:\/\/the-challenge.ch\/fr\/wp-json\/wp\/v2\/pages"}],"about":[{"href":"https:\/\/the-challenge.ch\/fr\/wp-json\/wp\/v2\/types\/page"}],"author":[{"embeddable":true,"href":"https:\/\/the-challenge.ch\/fr\/wp-json\/wp\/v2\/users\/1"}],"replies":[{"embeddable":true,"href":"https:\/\/the-challenge.ch\/fr\/wp-json\/wp\/v2\/comments?post=1206"}],"version-history":[{"count":25,"href":"https:\/\/the-challenge.ch\/fr\/wp-json\/wp\/v2\/pages\/1206\/revisions"}],"predecessor-version":[{"id":1603,"href":"https:\/\/the-challenge.ch\/fr\/wp-json\/wp\/v2\/pages\/1206\/revisions\/1603"}],"wp:attachment":[{"href":"https:\/\/the-challenge.ch\/fr\/wp-json\/wp\/v2\/media?parent=1206"}],"curies":[{"name":"wp","href":"https:\/\/api.w.org\/{rel}","templated":true}]}}